{"id":113,"date":"2014-06-27T22:28:32","date_gmt":"2014-06-27T20:28:32","guid":{"rendered":"http:\/\/www.arhivtk.ba\/?page_id=113"},"modified":"2024-07-16T19:03:00","modified_gmt":"2024-07-16T17:03:00","slug":"arhivska-praksa","status":"publish","type":"page","link":"https:\/\/www.arhivtk.ba\/?page_id=113","title":{"rendered":"&#8220;Arhivska praksa&#8221;"},"content":{"rendered":"<p align=\"justify\">Arhiv Tuzlanskog kantona je od 1984. godine doma\u0107in me\u0111unarodnog savjetovanja \u201cArhivska praksa\u201d, a od 1998. godine izdaje stru\u010dni i nau\u010dni \u010dasopis pod nazivom \u201cArhivska praksa\u201d.<\/p>\n<p align=\"justify\">\u010casopis \u201eArhivska praksa\u201d je poznat \u0161iroj arhivisti\u010dkoj i drugoj nau\u010dnoj i stru\u010dnoj javnosti. Od samoga po\u010detka izla\u017eenja nai\u0161ao je na dobar prijem kod \u0161ire arhivske javnosti, \u010dije kritike su nam pomogle da \u010dasopis iz broja u broj dotjerujemo, dogra\u0111ujemo i oboga\u0107ujemo validnim stru\u010dnim, nau\u010dnim i tehni\u010dkim prilozima. Na to ukazuju kvantitet i kvalitet \u010dasopisa koji je iz broja u broj bio sve bolji i bolji. Tira\u017e \u010dasopisa kretao se od 500 do 1.000 primjeraka. Obim \u010dasopisa je iz broja u broj rastao, od po\u010detnih 168 strana u prvom broju, narastao je do iznad 500 stranica u tri posljednja broja.<\/p>\n<p align=\"justify\">Od prvog (1) pa do sedamnaestog (17) broja poku\u0161ali smo napraviti prepoznatljivu stru\u010dnu i tehni\u010dku formu \u010dasopisa u \u010demu smo nadamo se i uspjeli. U svim brojevima \u010dasopisa za sve stru\u010dne radove donesen je rezime, do 8 broja na njema\u010dkom, a od tada na engleskome jeziku. Sve vrijeme izla\u017eenja \u010dasopisa te\u017eilo se stru\u010dnoj i tehni\u010dkoj nadogradnji, \u010dime se kvalitet \u010dasopisa iz broja u broj popravljao. Tako je od 8 broja, kao ustaljena forma \u010casopisa, uveden abstrakt i klju\u010dne rije\u010di stru\u010dnih i nau\u010dnih radova. Klasifikacija \u010dasopisa od prvog broja ura\u0111ena je po UDK sistemu, a ra\u0111ena je u Narodnoj biblioteci Bosne i Hercegovine Sarajevo. Zbog stru\u010dnih, tehni\u010dkih i drugih kvaliteta \u010dasopis je na\u0161ao svoje mjesto u \u010ditaonicama brojnih arhivskih i drugih kulturnih i nau\u010dnih institucija u zemlji i inozemstvu. Na taj na\u010din \u010dasopis \u201eArhivska praksa\u201d postao je \u010dvrsta poveznica izme\u0111u arhivskih djelatnika i djelatnika u registraturama, ali i izme\u0111u arhivskog znanja i umije\u0107a arhiva i arhivskih djelatnika Tuzlanskog kantona sa arhivistima i arhivskim ustanovama sa cijelog prostora Bosne i Hercegovine, susjednih dr\u017eava i desetina dr\u017eava \u0161irom Evrope.<\/p>\n<p align=\"justify\">Za a\u017eurnost \u010casopisa, njegovu fizionomiju, nivo tekstova, i cijelu njegovu sadr\u017einu, sa svim vrlinama i nedostacima pored urednika i Redakcije, zaslu\u017eni su lektor, korektori, prevodioci rezimea, tehni\u010dki urednici, izdava\u010di i \u0161tamparije. Nepravedno bi bilo ne re\u0107i da se \u010dasopis odr\u017eao sa svim svojim kvalitetima zahvaljuju\u0107i prije svega malobrojnom timu kolektiva Arhiva u Tuzli, ali i svih saradnika sa kojima smo uspje\u0161no sara\u0111ivali u proteklih 12 godina. Zahvaljuju\u0107i zajedni\u010dkim naporima svih navedenih \u010dimbenika, \u010dasopis se rodio, \u017eivio, rastao i opstao, zbog \u010dega koristimo i ovu priliku da zahvalimo svima koji su nam na bilo koji na\u010din dali podr\u0161ku da istrajemo i odr\u017eimo se na ovome veoma va\u017enom strukovnom, ali i dru\u0161tvenom zadatku.<\/p>\n<p align=\"justify\">Prvi broj \u010dasopisa \u201eArhivska praksa\u201d predstavljen je arhivskoj i \u0161iroj javnosti u Tuzli 29. maja 1998. godine u sklopu odr\u017eavanja 11. me\u0111unarodnog savjetovanja \u201eArhivska praksa 1998\u201d, odr\u017eanog u sali Radni\u010dkog univerziteta u Tuzli. Promotor \u010dasopisa bio je Mevludin Hajdarhod\u017ei\u0107, pomo\u0107nik Ministra za obrazovanje, nauku, kulturu i sport Tuzlansko-Podrinjskog kantona. \u201eVe\u0107 prvi susret sa ovim \u010dasopisom je pored stru\u010dnog predstavljao i pravi vizuelni doga\u0111aj, moderno likovno rije\u0161enje, i grafikom i izborom i odnosom boja, neuobi\u010dajeno za \u010dasopis izvan oblasti umjetnosti, ali to je u ovom slu\u010daju bio dodatni razlog da se posegne za onim \u0161to je bilo izme\u0111u korica\u201d, rekao je promotor 1. broja \u010dasopisa \u201eArhivska praksa\u201d. Prvi broj \u010dasopisa napisan je na ukupno 169 stranica, formata B-5, koji je neodoljivo asocirao i na pravu knjigu.<\/p>\n<hr \/>\n<p style=\"text-align: justify;\" align=\"justify\">Elektronska verzija &#8220;Arhivske prakse&#8221; br 1 dostupna je <a href=\"https:\/\/www.scribd.com\/document\/354673213\/ARHIVSKA-PRAKSA-1\" target=\"_blank\" rel=\"noopener\">ovdje<\/a>.<\/p>\n<p style=\"text-align: justify;\" align=\"justify\">Elektronska verzija &#8220;Arhivske prakse&#8221; br 2 dostupna je <a href=\"https:\/\/www.scribd.com\/document\/354673136\/ARHIVSKA-PRAKSA-2\" target=\"_blank\" rel=\"noopener\">ovdje<\/a>.<\/p>\n<p style=\"text-align: justify;\" align=\"justify\">Elektronska verzija tre\u0107eg broja \u010dasopisa \u201eArhivska praksa\u201ddostupna je <a href=\"https:\/\/www.scribd.com\/document\/354673342\/ARHIVSKA-PRAKSA-3\" target=\"_blank\" rel=\"noopener\">ovdje<\/a>.<\/p>\n<p align=\"justify\">Elektronska verzija \u010dasopisa Arhivska praksa br. 4 dostupna je <a href=\"https:\/\/www.scribd.com\/doc\/293549278\/ARHIVSKA-PRAKSA-4\">ovdje<\/a>.<\/p>\n<p align=\"justify\">Elektronska verzija \u010dasopisa Arhivska praksa broj 5 dostupna je <a href=\"https:\/\/www.scribd.com\/document\/354564021\/ARHIVSKA-PRAKSA-5\" target=\"_blank\" rel=\"noopener\">ovdje<\/a>.<\/p>\n<p align=\"justify\">Elektronska verzija \u010dasopisa Arhivska praksa br. 6 dostupna je <a href=\"https:\/\/www.scribd.com\/document\/354572924\/ARHIVSKA-PRAKSA-6\" target=\"_blank\" rel=\"noopener\">ovdje<\/a>.<\/p>\n<p align=\"justify\">Elektronska verzija \u010dasopisa &#8220;Arhivska praksa&#8221; broj 7 dostupna je <a href=\"https:\/\/www.scribd.com\/document\/354564618\/ARHIVSKA-PRAKSA-7\" target=\"_blank\" rel=\"noopener\">ovdje<\/a>.<\/p>\n<p align=\"justify\">Elektronska verzija \u010dasopisa &#8220;Arhivska praksa&#8221; br. 8 dostupna je <a href=\"https:\/\/www.scribd.com\/document\/354577246\/ARHIVSKA-PRAKSA-8\" target=\"_blank\" rel=\"noopener\">ovdje<\/a>.<\/p>\n<p align=\"justify\">Elektronska verzija \u010dasopisa &#8220;Arhivska praksa&#8221; br. 9\u00a0dostupna je <a href=\"https:\/\/www.scribd.com\/document\/354571132\/ARHIVSKA-PRAKSA-9\" target=\"_blank\" rel=\"noopener\">ovdje<\/a>.<\/p>\n<p align=\"justify\">Elektronska verzija \u010dasopisa &#8220;Arhivska praksa&#8221; br. 10\u00a0dostupna je <a href=\"https:\/\/www.scribd.com\/document\/354575536\/ARHIVSKA-PRAKSA-10\" target=\"_blank\" rel=\"noopener\">ovdje<\/a>.<\/p>\n<p align=\"justify\">Elektronska verzija \u010dasopisa &#8220;Arhivska praksa&#8221; br. 11 dostupna je <a href=\"https:\/\/www.scribd.com\/document\/354576799\/ARHIVSKA-PRAKSA-11\" target=\"_blank\" rel=\"noopener\">ovdje<\/a>.<\/p>\n<p align=\"justify\">Elektronska verzija \u010dasopisa &#8220;Arhivska praksa&#8221; br. 12 dostupna je <a href=\"https:\/\/www.scribd.com\/document\/354658745\/ARHIVSKA-PRAKSA-12\" target=\"_blank\" rel=\"noopener\">ovdje<\/a>.<\/p>\n<p align=\"justify\">Elektronska verzija \u010dasopisa &#8220;Arhivska praksa&#8221; br. 13 dostupna je <a href=\"https:\/\/www.scribd.com\/document\/354658650\/ARHIVSKA-PRAKSA-13\" target=\"_blank\" rel=\"noopener\">ovdje<\/a>.<\/p>\n<p style=\"text-align: justify;\"><a href=\"https:\/\/www.arhivtk.ba\/wp-content\/uploads\/2014\/06\/ARHIVSKA-PRAKSA-14.pdf\">Preuzmite elektronsku verziju Arhivske prakse br. 14 (PDF)<\/a><\/p>\n<p style=\"text-align: justify;\"><a href=\"https:\/\/www.arhivtk.ba\/wp-content\/uploads\/2014\/06\/ARHIVSKA-PRAKSA-15.pdf\">Preuzmite elektronsku verziju Arhivske prakse br. 15 (PDF)<\/a><\/p>\n<p style=\"text-align: justify;\"><a href=\"https:\/\/www.arhivtk.ba\/wp-content\/uploads\/2014\/06\/ARHIVSKAPRAKSA16.pdf\">Preuzmite elektronsku verziju Arhivske prakse br. 16 (PDF)<\/a><\/p>\n<p style=\"text-align: left;\"><a href=\"https:\/\/www.arhivtk.ba\/wp-content\/uploads\/2014\/06\/ARHIVSKA-PRAKSA-17.pdf\">Preuzmite elektronsku verziju \u010dasopisa ARHIVSKA PRAKSA 17<\/a><\/p>\n<p style=\"text-align: left;\"><a href=\"https:\/\/www.arhivtk.ba\/ap18.pdf\" target=\"_blank\" rel=\"noopener noreferrer\"> Preuzmi elektronsku verziju \u010dasopisa &#8220;Arhivska praksa 18&#8221; ovdje.<\/a><\/p>\n<p style=\"text-align: left;\"><a href=\"https:\/\/www.scribd.com\/document\/331410762\/Arhivska-praksa-broj-19\" target=\"_blank\" rel=\"noopener noreferrer\">Preuzmi elektronsku verziju Arhivske prakse br. 19<\/a><\/p>\n<p>Elektronsku kopiju dvadesetog broja \u010dasopisa mo\u017eete preuzeti <a href=\"https:\/\/www.scribd.com\/document\/360544381\/Arhivska-Praksa-Br-20-2017\" target=\"_blank\" rel=\"noopener\">ovdje<\/a>.<\/p>\n<p>Elektronsku verziju \u010dasopisa mo\u017eete preuzeti na linkovima: <a href=\"https:\/\/www.arhivtk.ba\/AP21prva.pdf\">Knjiga 1<\/a> i <a href=\"https:\/\/www.arhivtk.ba\/AP21druga.pdf\">Knjiga 2<\/a>.<\/p>\n<p><a href=\"https:\/\/www.arhivtk.ba\/wp-content\/uploads\/2024\/07\/picture_2015_21784.png\"><img loading=\"lazy\" decoding=\"async\" class=\"aligncenter wp-image-6984 size-large\" src=\"https:\/\/www.arhivtk.ba\/wp-content\/uploads\/2024\/07\/picture_2015_21784-714x1024.png\" alt=\"\" width=\"714\" height=\"1024\" srcset=\"https:\/\/www.arhivtk.ba\/wp-content\/uploads\/2024\/07\/picture_2015_21784-714x1024.png 714w, https:\/\/www.arhivtk.ba\/wp-content\/uploads\/2024\/07\/picture_2015_21784-209x300.png 209w, https:\/\/www.arhivtk.ba\/wp-content\/uploads\/2024\/07\/picture_2015_21784-768x1102.png 768w, https:\/\/www.arhivtk.ba\/wp-content\/uploads\/2024\/07\/picture_2015_21784-1070x1536.png 1070w, https:\/\/www.arhivtk.ba\/wp-content\/uploads\/2024\/07\/picture_2015_21784.png 1122w\" sizes=\"auto, (max-width: 714px) 100vw, 714px\" \/><\/a><\/p>\n","protected":false},"excerpt":{"rendered":"<p>Arhiv Tuzlanskog kantona je od 1984. godine doma\u0107in me\u0111unarodnog savjetovanja \u201cArhivska praksa\u201d, a od 1998. godine izdaje stru\u010dni i nau\u010dni \u010dasopis pod nazivom \u201cArhivska praksa\u201d. \u010casopis \u201eArhivska praksa\u201d je poznat&hellip;<\/p>\n","protected":false},"author":1,"featured_media":0,"parent":85,"menu_order":0,"comment_status":"closed","ping_status":"closed","template":"","meta":{"footnotes":""},"class_list":["post-113","page","type-page","status-publish","hentry"],"_links":{"self":[{"href":"https:\/\/www.arhivtk.ba\/index.php?rest_route=\/wp\/v2\/pages\/113","targetHints":{"allow":["GET"]}}],"collection":[{"href":"https:\/\/www.arhivtk.ba\/index.php?rest_route=\/wp\/v2\/pages"}],"about":[{"href":"https:\/\/www.arhivtk.ba\/index.php?rest_route=\/wp\/v2\/types\/page"}],"author":[{"embeddable":true,"href":"https:\/\/www.arhivtk.ba\/index.php?rest_route=\/wp\/v2\/users\/1"}],"replies":[{"embeddable":true,"href":"https:\/\/www.arhivtk.ba\/index.php?rest_route=%2Fwp%2Fv2%2Fcomments&post=113"}],"version-history":[{"count":37,"href":"https:\/\/www.arhivtk.ba\/index.php?rest_route=\/wp\/v2\/pages\/113\/revisions"}],"predecessor-version":[{"id":6985,"href":"https:\/\/www.arhivtk.ba\/index.php?rest_route=\/wp\/v2\/pages\/113\/revisions\/6985"}],"up":[{"embeddable":true,"href":"https:\/\/www.arhivtk.ba\/index.php?rest_route=\/wp\/v2\/pages\/85"}],"wp:attachment":[{"href":"https:\/\/www.arhivtk.ba\/index.php?rest_route=%2Fwp%2Fv2%2Fmedia&parent=113"}],"curies":[{"name":"wp","href":"https:\/\/api.w.org\/{rel}","templated":true}]}}