{"id":645,"date":"2015-01-07T15:35:34","date_gmt":"2015-01-07T14:35:34","guid":{"rendered":"http:\/\/www.arhivtk.ba\/?page_id=645"},"modified":"2024-08-22T13:34:08","modified_gmt":"2024-08-22T11:34:08","slug":"645-2","status":"publish","type":"page","link":"https:\/\/www.arhivtk.ba\/?page_id=645","title":{"rendered":"Arhivsko zakonodavstvo"},"content":{"rendered":"<p style=\"text-align: justify;\">Sva legislativa kojom je ure\u0111ena arhivska djelatnost u skladu je sa ustavnim ure\u0111enjem Bosne i Hercegovine. Ista je donesena na nivou dr\u017eave, entiteta i kantona.<\/p>\n<ul>\n<li style=\"text-align: justify;\"><a href=\"https:\/\/www.arhivtk.ba\/wp-content\/uploads\/2024\/08\/Zakon-o-arhivskoj-djelatnosti.pdf\" target=\"_blank\" rel=\"noopener\">Zakon o arhivskoj djelatnosti Tuzlanskog kantona<\/a><\/li>\n<li style=\"text-align: justify;\"><a href=\"https:\/\/www.arhivtk.ba\/wp-content\/uploads\/2015\/01\/sl_novine_9-2002.pdf\">Uputstvo o na\u010dinu primopredaje arhivske gra\u0111e izme\u0111u imalaca i stvaralaca arhivske gra\u0111e i nadle\u017enog arhiva (Slu\u017ebene novine TK br. 9\/02)<\/a><\/li>\n<li style=\"text-align: justify;\"><a href=\"https:\/\/www.arhivtk.ba\/wp-content\/uploads\/2015\/01\/ffs.pdf\">Pravilnik o odabiranju arhivske gra\u0111e iz registraturnog materijala (Slu\u017ebene novine TK br. 16\/09)<\/a><\/li>\n<li style=\"text-align: justify;\"><a href=\"https:\/\/www.arhivtk.ba\/wp-content\/uploads\/2015\/01\/kanton14-09.pdf\">Pravilnik o uslovima, na\u010dinu i postupku kori\u0161tenja arhivske gra\u0111e (Slu\u017ebene novine TK br. 14\/09)<\/a><\/li>\n<li style=\"text-align: justify;\"><a href=\"https:\/\/www.arhivtk.ba\/wp-content\/uploads\/2015\/01\/kanton17-09.pdf\">Pravilnik o vo\u0111enju registara i evidencija\u00a0<\/a><a href=\"https:\/\/www.arhivtk.ba\/wp-content\/uploads\/2015\/01\/kanton16-09.pdf\">(Slu\u017ebene novine TK br. 17\/09)<\/a><\/li>\n<li style=\"text-align: justify;\"><a href=\"https:\/\/www.arhivtk.ba\/wp-content\/uploads\/2015\/01\/SluzbeneNovineTK-BR.1-2013.pdf\">Pravilnik o arhivisti\u010dkim-arhivarskim zvanjima, uvjetima i na\u010dinu stjecanja osnovnih i vi\u0161ih stru\u010dnih zvanja u arhivskoj djelatnosti (Slu\u017ebene novine TK br. 1\/13)<\/a><\/li>\n<li><a href=\"https:\/\/www.arhivtk.ba\/wp-content\/uploads\/2024\/07\/NPT_Zakon_o_zastiti_licnih_podataka_10.01.19.-B.pdf\"><u>Zakon o za\u0161titi li\u010dnih podataka<\/u> (Slu\u017ebeni glasnik BiH br. 49\/06)<\/a><\/li>\n<\/ul>\n<p>Ostali pravni okviri:<\/p>\n<ul>\n<li style=\"list-style-type: none;\">\n<ul>\n<li><a href=\"https:\/\/www.arhivtk.ba\/wp-content\/uploads\/2015\/01\/deklaracija-o-ljudskim-pravima.pdf\">Op\u0107a deklaracija o pravima \u010dovjeka<\/a><\/li>\n<li><a href=\"https:\/\/www.arhivtk.ba\/wp-content\/uploads\/2015\/01\/Konvencija-o-zastiti-svjetske-kulturne-i-prirodne-bastine.pdf\">Konvencija o za\u0161titi svjetske kulturne i prirodne ba\u0161tine<\/a><\/li>\n<li><a href=\"https:\/\/www.arhivtk.ba\/wp-content\/uploads\/2015\/01\/Konvencija-o-ocuvanju-nematerijalnog-kulturnog-naslijedja.pdf\">Konvencija o o\u010duvanju nematerijalnog kulturnog naslije\u0111a<\/a><\/li>\n<li><a href=\"https:\/\/www.arhivtk.ba\/wp-content\/uploads\/2015\/01\/Konvencija-o-zastiti-i-promoviranju-razlicitosti-kulturnih-izraza.pdf\">Konvencija o za\u0161titi i promoviranju razli\u010ditosti kulturnih izraza<\/a><\/li>\n<li><a href=\"https:\/\/www.arhivtk.ba\/wp-content\/uploads\/2015\/01\/Konvencija-za-zastitu-kulturnih-dobara-u-slucaju-oruzanog.pdf\">Konvencija za za\u0161titu kulturnih dobara u slu\u010daju oru\u017eanog sukoba<\/a><\/li>\n<li><a href=\"https:\/\/www.arhivtk.ba\/wp-content\/uploads\/2015\/01\/Opca_deklaracija.pdf\">Op\u0107a deklaracija o arhivima<\/a><\/li>\n<li><a href=\"https:\/\/www.arhivtk.ba\/wp-content\/uploads\/2015\/01\/Eticki-kodeks.pdf\">Eti\u010dki kodeks arhivista<\/a><\/li>\n<\/ul>\n<\/li>\n<\/ul>\n<ul>\n<li style=\"list-style-type: none;\"><\/li>\n<\/ul>\n","protected":false},"excerpt":{"rendered":"<p>Sva legislativa kojom je ure\u0111ena arhivska djelatnost u skladu je sa ustavnim ure\u0111enjem Bosne i Hercegovine. Ista je donesena na nivou dr\u017eave, entiteta i kantona. Zakon o arhivskoj djelatnosti Tuzlanskog&hellip;<\/p>\n","protected":false},"author":1,"featured_media":0,"parent":0,"menu_order":0,"comment_status":"closed","ping_status":"closed","template":"","meta":{"footnotes":""},"class_list":["post-645","page","type-page","status-publish","hentry"],"_links":{"self":[{"href":"https:\/\/www.arhivtk.ba\/index.php?rest_route=\/wp\/v2\/pages\/645","targetHints":{"allow":["GET"]}}],"collection":[{"href":"https:\/\/www.arhivtk.ba\/index.php?rest_route=\/wp\/v2\/pages"}],"about":[{"href":"https:\/\/www.arhivtk.ba\/index.php?rest_route=\/wp\/v2\/types\/page"}],"author":[{"embeddable":true,"href":"https:\/\/www.arhivtk.ba\/index.php?rest_route=\/wp\/v2\/users\/1"}],"replies":[{"embeddable":true,"href":"https:\/\/www.arhivtk.ba\/index.php?rest_route=%2Fwp%2Fv2%2Fcomments&post=645"}],"version-history":[{"count":28,"href":"https:\/\/www.arhivtk.ba\/index.php?rest_route=\/wp\/v2\/pages\/645\/revisions"}],"predecessor-version":[{"id":7085,"href":"https:\/\/www.arhivtk.ba\/index.php?rest_route=\/wp\/v2\/pages\/645\/revisions\/7085"}],"wp:attachment":[{"href":"https:\/\/www.arhivtk.ba\/index.php?rest_route=%2Fwp%2Fv2%2Fmedia&parent=645"}],"curies":[{"name":"wp","href":"https:\/\/api.w.org\/{rel}","templated":true}]}}