{"id":68,"date":"2014-06-27T21:34:41","date_gmt":"2014-06-27T19:34:41","guid":{"rendered":"http:\/\/www.arhivtk.ba\/?page_id=68"},"modified":"2024-07-17T14:08:34","modified_gmt":"2024-07-17T12:08:34","slug":"dogadaji-do-2011-godine","status":"publish","type":"page","link":"https:\/\/www.arhivtk.ba\/?page_id=68","title":{"rendered":"Doga\u0111aji do kraja 2010. godine"},"content":{"rendered":"<div>\n<h1 align=\"center\"><strong>Arhiva vijesti iz 2010. godine<\/strong><\/h1>\n<div>\n<p><strong>Tuzla, Arhiv Tuzlanskog kantona, 25. novembar 2010. godine<\/strong><\/p>\n<p align=\"center\">DAN DR\u017dAVNOSTI BOSNE I HERCEGOVINE<\/p>\n<p>\u00a0Povodom obilje\u017eavanja 25. novembra &#8211; Dana dr\u017eavnosti Bosne i Hercegovine u prostorijama JU Arhiv Tuzlanskog kantona je, 24. novembra 2010. godine, za javnost otvorena izlo\u017eba \u201cGrbovi Bosne i Hercegovine kroz historiju\u201d. Istovremeno je odr\u017ean i historijski \u010das za u\u010denike Gimnazije \u201cMe\u0161a Selimovi\u0107\u201d o ovom historijskom doga\u0111aju. \u010cas su odr\u017eali zaposlenici Arhiva Nijaz Brbutovi\u0107 i Selma Isi\u0107.<\/p>\n<\/div>\n<hr \/>\n<p align=\"left\"><strong>Tuzla, 30. septembar i 01. oktobar 2010. godine<\/strong><\/p>\n<h2 align=\"center\"><strong> 23. me\u0111unarodno savjetovanje \u201eArhivska praksa 2010\u201c<\/strong><a id=\"vijest1\" name=\"vijest1\"><\/a><\/h2>\n<p align=\"justify\">U organizaciji Arhiva Tuzlanskog kantona i Dru\u0161tva arhivskih zaposlenika Tuzlanskog kantona u Tuzli je, 30. septembra i 01. oktobra 2010. godine, odr\u017eano 23. me\u0111unarodno savjetovanje \u201eArhivska praksa 2010\u201c. Manifestacija je sve\u010dano otvorena u 930 sati u Kristalnoj dvorani Hotela \u201eTuzla\u201c.<\/p>\n<p align=\"justify\">Savjetovanje ima ogroman zna\u010daj za arhivsku struku i djelatnost na podru\u010dju Tuzlanskog kantona i Bosne i Hercegovine, ali i za zemlje iz okru\u017eenja, tako da opravdano izaziva interes \u0161ire stru\u010dne i kulturne javnosti.<\/p>\n<p align=\"justify\">Prezentovani su radovi u okviru slijede\u0107ih tema: vrednovanje arhivskog rada i status arhiva u dru\u0161tvu; za\u0161tita arhivske gra\u0111e u nastajanju; i moderne arhivistike.<\/p>\n<p align=\"justify\">Savjetovanju je prisustvovalo preko 300 u\u010desnika te izlaga\u010di iz 15-ak evropskih dr\u017eava.<\/p>\n<p align=\"justify\">Prvog dana, 30.09.2010., izvr\u0161ena je i promocija 13. po redu \u010dasopisa \u201eArhivska praksa\u201c, a drugog dana je odr\u017eana Izborna skup\u0161tina Dru\u0161tva arhivskih zaposlenika Tuzlanskog kantona.<\/p>\n<hr \/>\n<h2><strong>Izlo\u017eba \u201cSrebrenica &#8211; da se ne zaboravi\u201d<\/strong><\/h2>\n<p align=\"justify\">Izlo\u017eba \u201cSrebrenica &#8211; da se ne zaboravi\u201d Arhiva Tuzlanskog kantona bit \u0107e postavljena i za javnost otvorena 07.07.2010. godine u Celju. Radi se o izlo\u017ebi postavljenoj u vi\u0161e gradova: Tuzla, Srebrenik, Banovi\u0107i, Teo\u010dak, Velika Kladu\u0161a, Innsbrucku (Austrija), Sarajevo. Sastavni je dio izlo\u017ebe \u201cHolokaust, genocid&#8230;\u201d koja je ra\u0111ena u saradnji sa Historijskim arhivom Sarajevo. Primarni je cilj izlo\u017ebe predstaviti dokumente koji svjedo\u010de o razmjerama genocida po\u010dinjenog u Srebrenici i upoznati posjetioce sa tokom i posljedicama genocidnog djelovanja agresora na Republiku Bosnu i Hercegovinu. Njeno postavljanje predstavlja nastavak uspje\u0161ne me\u0111unarodne saradnje Arhiva Tuzlanskog kantona sa arhivskim institucijama drugih zemalja.<\/p>\n<hr \/>\n<p><strong>Arhiv Tuzlanskog kantona, Tuzla, 14.-23. juna 2010.<\/strong><\/p>\n<h3 align=\"center\">KA OBNOVI POTISNUTOG IDENTITETA<\/h3>\n<h3 align=\"center\">Slovenci u Bosni i Hercegovini 1530-2010.<\/h3>\n<h2 align=\"center\">Dokumentarna izlo\u017eba<\/h2>\n<p align=\"justify\">Izlo\u017eba je u Arhivu Tuzlanskog kantona otvorena u ponedjeljak, 14.06.2010. godine, u 18 sati. Prisutnima su se obratili ata\u0161e za kulturu pri Ambasadi Republike Slovenije, direktor Arhiva Tuzlanskog kantona, na\u010delnik Op\u0107ine Tuzla i autor, dok je izlo\u017ebu otvorenom proglasio savjetnik za kulturu u Ministarstvu obrazovanja, nauke, kulture i sporta Tuzlanskog kantona.<\/p>\n<p align=\"justify\">Zamisao i tekstovi: Stanislav Koblar<\/p>\n<p align=\"justify\">Grafi\u010dko oblikovanje: Studio Botas<\/p>\n<p align=\"justify\">Nosioc projekta: Consortium artisticum, Ljubljana<\/p>\n<p align=\"justify\">Izlo\u017eba je realizirana sa potporom Ureda Vlade Republike Slovenije za Slovence v zamejstvu in po svetu. Sponzor: Krka, d.d., Novo Mesto<\/p>\n<p align=\"justify\">Dokumentarna izlo\u017eba \u201cKA OBNOVI POTISNUTOG IDENTITETA, Slovenci u Bosni i Hercegovini 1530-2010.\u201d nudi na principu uzoraka pregled dolazaka, bivanja i afirmacije Slovenaca u Bosni i Hercegovini, od prvih kontakata davne 1530. g, do na\u0161ih dana. Njen cilj je \u0161to bolje osvijetliti pobude, dolazaka, po\u010detke i razvoj organiziranja Slovenaca te o\u010duvanja njihovog nacionalnog i kulturnog identiteta u ovoj zemlji. Osim toga cilj izlo\u017ebe je da upozori na nu\u017enost \u0161ire samorefleksije matice (Slovenije) prema diaspori kao integralnom dijelu slovenskog naroda.<\/p>\n<p align=\"justify\">Izlo\u017eba je zasnovana na 24 djela, u dva jezika, slovenskom i bosansko-hrvatsko-srpskom jeziku.<\/p>\n<p align=\"justify\">Do sada ju je u Cankarevom domu u Ljubljani, Historijskom muzeju u Sarajevu, Banskom dvoru u Banjaluci i Kaknju vidjelo oko 6.500 posjetilaca. Poslije Tuzle izlo\u017eba \u0107e biti postavljena u Dr\u017eavnom zboru (parlamentu) Republike Slovenije i Slovenskom domu u Zagrebu.<\/p>\n<hr \/>\n<p><strong>Tuzla, 09.06.2010.<\/strong><\/p>\n<p align=\"center\"><strong>\u201cOtvorena vrata Arhiva\u201d<\/strong><\/p>\n<p>Povodom obilje\u017eavanja 09. juna, Me\u0111unarodnog dana arhiva, Arhiv Tuzlanskoga kantona je organizovao dru\u017eenje pod nazivom \u201cOtvorena vrata Arhiva\u201d za sve po\u0161tovaoce arhiva i arhivske djelatnosti, a u cilju boljeg upoznavanja javnosti sa zna\u010dajem i ulogom arhivske gra\u0111e kao historijsko-kulturnog i dokaznog blaga.<\/p>\n<p>Dru\u017eenje je odr\u017eano u srijedu, 09. juna 2010. godine, u 11 sati u prostorijama Arhiva Tuzlanskog kantona.<\/p>\n<p>Realizovan je slijede\u0107i program:<\/p>\n<p>\u00b7\u00a0 press konferencija za novinare,<\/p>\n<p>\u00b7\u00a0 uvodno izlaganje,<\/p>\n<p>\u00b7\u00a0 predstavljanje Arhiva Tuzlanskoga kantona,<\/p>\n<p>\u00b7\u00a0 dodjela zahvalnica saradnicima i korisnicima Arhiva Tuzlanskoga kantona,<\/p>\n<p>\u00b7\u00a0 predstavljanje izdava\u010dke djelatnosti Arhiva i prodaja izdanja po promotivnoj cijeni,<\/p>\n<p>\u00b7\u00a0 razgledanje izlo\u017ebi \u201eKulturno naslije\u0111e arhiva\u201c i \u201eFotografijom protiv zaborava\u201c,<\/p>\n<p>\u00b7\u00a0 dru\u017eenje uz koktel.<\/p>\n<\/div>\n<p>[\/et_pb_text][\/et_pb_column][\/et_pb_row][et_pb_row][et_pb_column type=&#8221;4_4&#8243;][et_pb_text admin_label=&#8221;Text&#8221; background_layout=&#8221;light&#8221; text_orientation=&#8221;left&#8221;]<\/p>\n<div>\n<h1 align=\"center\"><strong>Arhiva vijesti iz 2009. godine<\/strong><\/h1>\n<p><strong>21.12.2009. godine<\/strong><\/p>\n<p align=\"center\">Izlo\u017eba: \u201c55 GODINA RADA I STVARANJA ARHIVA TUZLANSKOG KANTONA (1954.-2009.)\u201d<\/p>\n<p>\u00a0U organizaciji Arhiva Tuzlanskog kantona dana 21.12.2009. godine u galeriji Bosanskog kulturnog centra u Tuzli, u povodu obilje\u017eavanja 55. godi\u0161njice rada Arhiva Tuzla, otvorena je izlo\u017eba \u201c55 godina rada i stvaranja Arhiva Tuzlanskog kantona (1954.-2009.)\u201d. Autori izlo\u017ebe su stru\u010dni zaposlenici Arhiva Tuzlanskog kantona: E\u0161efa Begovi\u0107, Nermana Hod\u017ei\u0107, Hatid\u017ea Fetahagi\u0107, Saneta Adrovi\u0107, Selma Isi\u0107 i Esaf Levi\u0107, dok je katalog priredio doc. dr. Izet \u0160aboti\u0107, a tehni\u010dki pripremio Esaf Levi\u0107, arhivista.<\/p>\n<p>O razvojnom putu Arhiva u proteklih 55 godina na otvaranju izlo\u017ebe govorili su direktor Arhiva doc. dr. Izet \u0160aboti\u0107, i Zlatko Duki\u0107, pomo\u0107nik ministra za obrazovanje, nauku, kulturu i sport u Vladi Tuzlanskog kantona. Izlo\u017ebu su predstavili i o istoj govorili E\u0161efa Begovi\u0107, jedan od autora izlo\u017ebe, i prof. dr. Azem Ko\u017ear, dugogodi\u0161nji direktor Arhiva, dok je \u010dast da otvori izlo\u017ebu pripala Nizari Mu\u0161ovi\u0107-Tadi\u0107, arhivistici i dugogodi\u0161njoj zaposlenici Arhiva, a sada umirovljenici.<\/p>\n<p>Izlo\u017eba je pobudila veliki interes kako posjetitelja i \u0161ire kulturne javnosti, tako i medija.<\/p>\n<\/div>\n<hr \/>\n<p><strong>NACIONALNI SPOMENIK: FONDOVI I ZBIRKE ARHIVA TUZLANSKOG KANTONA<\/strong><\/p>\n<p>Komisija za o\u010duvanje nacionalnih spomenika Bosne i Hercegovine na 47. sjednici, odr\u017eanoj od 01. do 04. decembra 2009. godine u Sarajevu, donijela je Odluku o progla\u0161enju Fondova i zbirki Arhiva Tuzlanskog kantona nacionalnim spomenikom Bosne i Hercegovine.<\/p>\n<p>Prema odredbama Zakona o provo\u0111enju odluka Komisije za za\u0161titu nacionalnih spomenika uspostavljene prema Aneksu 8. Op\u0107eg okvirnog sporazuma za mir u Bosni i Hercegovini (\u201eSlu\u017ebene novine FBiH\u201c, br. 2\/02, 27\/02, 6\/04 i 51\/07), nacionalni spomenici u\u017eivaju najvi\u0161i stepen za\u0161tite u Federaciji Bosne i Hercegovine, a za implementaciju odluka Komisije odgovorni su federalni organi vlasti, a prije svega Federacija BiH i Federalno ministarstvo prostornog ure\u0111enja (nepokretna dobra). Ukoliko se odlukom progla\u0161ava pokretno dobro, za njeno provo\u0111enje nadle\u017eno je Federalno ministarstvo kulture i sporta, u skladu sa zakonom kojim se reguli\u0161e nadle\u017enost federalnih organa uprave.<\/p>\n<p>Shodno Aneksu 8. Op\u0107eg okvirnog sporazuma za mir u Bosni i Hercegovini i odredbama navedenog zakona, nadle\u017eni organi Federacije Bosne i Hercegovine, kantona, gradske i op\u0107inske slu\u017ebe, te sva druga pravna i fizi\u010dka lica du\u017eni su da se suzdr\u017ee od preduzimanja bilo kakvih radnji koje mogu o\u0161tetiti nacionalni spomenik ili dovesti u pitanje njegovu za\u0161titu i rehabilitaciju.<\/p>\n<blockquote>\n<hr \/>\n<p><strong>20. novembar 2009. godine<\/strong><\/p>\n<div>\n<p>OKRUGLI STO : FOTOGRAFSKA GRA\u0110A \u2013HISTORIOGRAFSKA I UMJETNI\u010cKA VRIJEDNOST<\/p>\n<p>U povodu obilje\u017eavanja 170.-te godi\u0161njice pojave fotografije i obilje\u017eavanja 55.-te godi\u0161njice postojanja i rada Arhiva Tuzlanskog kantona, danas je odr\u017ean Okrugli sto, u organizaciji Arhiva Tuzlanskog kantona i Dru\u0161tva arhivskih zaposlenika Tuzlanskog kantona, pod nazivom \u201cFotografska gra\u0111a &#8211; historiografska i umjetni\u010dka vrijednost\u201d. Obra\u0111ene su slijede\u0107e teme:<\/p>\n<p>1.\u00a0Ozren Bo\u017einovi\u0107, Osnovne vrijednosti i zna\u010daj fotografije;<\/p>\n<p>2.\u00a0Omer Zuli\u0107, DAZ TK Tuzla, Za\u0161tita fotografske gra\u0111e u nastajanju i njena historiografska vrijednost;<\/p>\n<p>3.\u00a0Saneta Adrovi\u0107, Arhiv TK Tuzla, Fotografska zbirka u Arhivu Tuzlanskog kantona;<\/p>\n<p>4.\u00a0Hatid\u017ea Fetahagi\u0107, Arhiv TK Tuzla, Fizi\u010dka i tehni\u010dko-tehnolo\u0161ka za\u0161tita fotografija u Arhivu Tuzlanskog kantona;<\/p>\n<p>5.\u00a0Faruk Ibrahimovi\u0107, Umjetni\u010dka vrijednost fotografije;<\/p>\n<p>U diskusiji, koja je uslijedila nakon izlaganja, aktivno su u\u010destvovali dr. sc. Azem Ko\u017ear, g. Hasib D\u017eindo, g. Risto Mili\u010devi\u0107, g. Rusmir Djedovi\u0107, kao i drugi gosti Okruglog stola.<\/p>\n<p>Nakon toga, uprili\u010deno je razgledanje izlo\u017ebe \u201cFotografijom protiv zaborava\u201d.<\/p>\n<\/div>\n<hr \/>\n<p><strong>DIGITALIZACIJA U ARHIVU TUZLANSKOG KANTONA <\/strong><\/p>\n<p>Arhiv Tuzlanskog kantona je, u skladu sa novim dru\u0161tvenim potrebama i praksom razvijenih arhivskih slu\u017ebi Evropske unije i svijeta, pristupio procesu hibridnog arhiviranja kulturno-historijskog naslije\u0111a kojeg \u010duva u svojim depoima. Ovaj projekat zapo\u010det je 2008., a nastavljen i 2009. godine.<\/p>\n<p>U prvoj fazi realizacije ovog projekta, koja je zavr\u0161ena 2008. godine, procesu hibridnog arhiviranja podvrgnute su Orijentalna zbirka Arhiva Tuzlanskog kantona (1578-1936) i dio zbirke Radni\u010dki pokret i narodnooslobodila\u010dka borba u sjeveroisto\u010dnoj Bosni (1920-1945).<\/p>\n<p>U toku mjeseca marta 2009. godine, pristupilo se drugoj fazi realizacije istog projekta. U skladu sa iskazanim potrebama institucije i zahtjevima, prije svega, istra\u017eiva\u010da i nau\u010dnih radnika, odlu\u010deno je da se nastavi sa digitalizacijom zbirke Radni\u010dki pokret i narodnooslobodila\u010dka borba u sjeveroisto\u010dnoj Bosni (1920-1945).<\/p>\n<p>Pored ovog, ura\u0111ena je digitalizacija zbirke Front slobode, koja sadr\u017ei oko 12.000 fotografija, iz perioda 1943.-2003. godine, nastale na podru\u010dju Tuzle i sjeveroisto\u010dne Bosne.<\/p>\n<p>Cjelokupna dokumentacija i gra\u0111a je i mikrofilmovana, \u0161to \u0107e u svakom slu\u010daju olak\u0161ati njenu upotrebu, a originale sa\u010duvati od o\u0161te\u0107enja.<\/p>\n<hr \/>\n<p><strong>Savjetovanje arhivskih radnika Bosne i Hercegovine<\/strong><\/p>\n<p>U povodu obilje\u017eavanja 55. godi\u0161njice rada Arhiva Tuzlanskog kantona, te obilje\u017eavanja Me\u0111unarodnog arhivskog dana u organizaciji Arhivisti\u010dkog udru\u017eenja Bosne i Hercegovine, JU Arhiv Tuzlanskog kantona i Dru\u0161tva arhivskih zaposlenika Tuzlanskog kantona u dane 07., 08. i 09. maja 2009. godine, odr\u017eano je Savjetovanje arhivskih radnika Bosne i Hercegovine.<\/p>\n<p>Rije\u010d je o nau\u010dno-stru\u010dnom me\u0111unarodnom skupu na kojem je podneseno 30 saop\u0161tenja o problematici koja je veoma aktuelna za oblast arhivistike i historiografije. Saop\u0161tenja su fokusirana na dvije tematske cjeline:<\/p>\n<p>Arhivska gra\u0111a o Bosni i Hercegovini van njenih granica; i<\/p>\n<p>Uticaj tranzicije na stanje i za\u0161titu arhivske gra\u0111e u Bosni i Hercegovini.<\/p>\n<p>U\u010desnici ovog skupa su eminentni histori\u010dari i arhivisti iz Bosne i Hercegovine, Hrvatske, Austrije,\u00a0 Ma\u0111arske, Srbije i Turske.<\/p>\n<p>U sklopu Savjetovanja\u00a0 realizovani su i drugi programski sadr\u017eaji, kao \u0161to je: promocija publikacije \u201dDefteri Bijeljinskog kadiluka\u201c u izdanju Arhiva Tuzlanskog kantona.<\/p>\n<p>Na Savjetovanju je izvr\u0161ena prezentacija arhivske i informati\u010dke opreme vi\u0161e poznatih kompanija iz Bosne i Hercegovine, Slovenije i Hrvatske, te prezentacija programa mikrofilmovanja i digitalizacije arhivske gra\u0111e.<\/p>\n<p>Ovaj skup je korak vi\u0161e u odnosu na dosada\u0161nje skupove, ali i korak bli\u017ee\u00a0 aktuelnoj evropskoj i svjetskoj historiografskoj i arhivskoj zbilji.<\/p>\n<hr \/>\n<p align=\"center\"><strong>ME\u0110UNARODNO PRIZNANJE ARHIVU TUZLANSKOG KANTONA<\/strong><\/p>\n<p align=\"center\"><strong>I DR. SCI. IZETU \u0160ABOTI\u0106U, DIREKTORU ARHIVA TK TUZLA <\/strong><\/p>\n<p>U Radencima, Republika Slovenija, od 25. do 27. marta 2009. godine, odr\u017eano je 30., jubilarno, savjetovanje pod nazivom \u201eTehni\u010dni in vsebinski problemi klasi\u010dnega in elektronskega arhiviranja\u201c, u organizaciji Pokrajinskog arhiva Maribor. Savjetovanju su prisustvovali eminentni stru\u010dni radnici iz zemalja regiona, Evrope i drugih dijelova svijeta.<\/p>\n<p>Na skupu su aktivno u\u010de\u0161\u0107e uzeli i arhivisti Bosne i Hercegovine, a ispred Arhiva Tuzlanskog kantona skupu su prisustvovali i stru\u010dne radove prezentovali dr. sci. Izet \u0160aboti\u0107, direktor Arhiva Tuzlanskog kantona, i arhivisti Omer Zuli\u0107 i Selma Isi\u0107.<\/p>\n<p>Povodom jubileja Pokrajinski arhiv Maribor dodijelio je i zna\u010dajna priznanja \u2013 povelje istaknutim arhivskim institucijama i pojedincima. Arhivske institucije i pojedinci iz Bosne i Hercegovine koji su dobili povelje su:<\/p>\n<p>Arhiv Tuzlanskog kantona;<\/p>\n<p>dr. sci. Izet \u0160aboti\u0107, direktor Arhiva Tuzlanskog kantona; i<\/p>\n<p>prof. dr. Azem Ko\u017ear, dekan Filozofskog fakulteta Univerziteta u Tuzli.<\/p>\n<hr \/>\n<p><strong>Izlo\u017eba: HOLOKAUST, GENOCID&#8230;<\/strong><\/p>\n<p>Genocid nad narodom Srebrenice predstavlja kulminaciju golgote koju je pro\u0161la Bosna i Hercegovina u agresiji u\u010dinjenoj u vremenu od 1992. do 1995. godine. Nigdje kao u Srebrenici nije tako javno, perfidno, brutalno, na o\u010digled vojnika UN-a i svjetskih medija izvr\u0161en genocid kao \u0161to je izvr\u0161en nad Bo\u0161njacima u julu 1995. godine. Za samo nekoliko dana ubijeno je vi\u0161e od 8.000 Bo\u0161njaka, prije svega mu\u0161karaca i dje\u010daka te deportovano skoro 25.000 \u017eena, djece i starijih. Ljudi su ubijani nakon strahovitih tortura, poni\u017eavanja i zlostavljanja, a samo zato \u0161to su bili druga\u010dijeg imena, vjerskog i nacionalnog individualiteta.<\/p>\n<p>Evropski parlament je 15. januara 2009. godine, na plenarnom zasjedanju u Strasbourgu, donio Rezoluciju o Srebrenici kojom poziva dr\u017eave \u010dlanice EU i dr\u017eave zapadnog Balkana da 11. juli obilje\u017ee kao Dan sje\u0107anja na genocid u Srebrenici.<\/p>\n<p>U ime zajedni\u010dkog \u017eivota na ovim prostorima, razumijevanja i zajedni\u010dkih sudbina, a u cilju podsje\u0107anja na holokaust i genocid, ova izlo\u017eba je podsje\u0107anje na dvije najve\u0107e tragedije u proteklom stolje\u0107u, opomena svima da se zlo ne zaboravi i ne ponovi i ima za cilj da podsjeti na sve nesre\u0107e koje su ljudi prouzrokovali, ubijaju\u0107i druge i druga\u010dije, zbog boje ko\u017ee, vjere ili politi\u010dkog opredjeljenja.<\/p>\n<p>Organizatori izlo\u017ebe: JU Historijski arhiv Sarajevo, JU Arhiv Tuzlanskog kantona<\/p>\n<p>Autori: E\u0161efa Begovi\u0107, Milena Ga\u0161i\u0107, Sejdalija Gu\u0161i\u0107, Dr. Izet \u0160aboti\u0107<\/p>\n<p>Mjesto i vrijeme odr\u017eavanja: Sarajevo, Brusa bezistan, 10. &#8211; 20. jula 2009. godine<\/p>\n<p>Izlo\u017ebu je otvorio direktor Historijskog arhiva Sarajevo g-din. Sejdalija Gu\u0161i\u0107.<\/p>\n<hr \/>\n<\/blockquote>\n<h1 align=\"center\"><strong>Arhiva vijesti iz 2008. godine<\/strong><\/h1>\n<hr \/>\n<p><strong>OBILJE\u017dAVANJE 12. DECEMBRA<\/strong><\/p>\n<p>Povodom obilje\u017eavanja 12. decembra, Dana arhiva Bosne i Hercegovine i arhivske slu\u017ebe Bosne i Hercegovine, Arhiv Tuzlanskog kantona i Dru\u0161tvo arhivskih zaposlenika Tuzlanskog kantona otvorili su Izlo\u017ebu i organizovali Okrugli sto na temu \u201cZa\u0161tita industrijske ba\u0161tine\u201d.<\/p>\n<p>U\u010desnici Okruglog stola bili su: dr. Izet \u0160aboti\u0107, doc. dr. Senaid Had\u017ei\u0107, Vesna Isabegovi\u0107, Benjamin Bajraktarevi\u0107, dr. Omer Hamzi\u0107, mr. Suad Buljugi\u0107, Omer Zuli\u0107 i Mirsad Bakalovi\u0107.<\/p>\n<p>Izlo\u017eba i Okrugli sto su opravdali o\u010dekivanja, a privukli su, ne samo kulturnu, nego i \u0161iru javnost.<\/p>\n<hr \/>\n<p>16.-23.11.2008. godine &#8211; U Trstu je odr\u017eana \u201cIIAS AUTUMN ARCHIVAL SCHOOL 2008\u201d, koju je organizovao Me\u0111unarodni institut za arhivske znanosti Trst &#8211; Maribor. U radu \u0161kole u\u010destvovala su \u010detiri arhivista iz Bosne i Hercegovine, a me\u0111u njima i arhivista Arhiva Tuzlanskog kantona Selma Isi\u0107, prof.<\/p>\n<hr \/>\n<p align=\"left\">15.11.2008. godine &#8211; U Dubrovniku je odr\u017eana promocija knjige \u201cDubrova\u010dka Republika u spisima bosanskih i hercegova\u010dkih namjesnika\u201d, kojoj su prisustvovali i \u010dlanovi Arhivisti\u010dkog udru\u017eenja Federacije BiH.<\/p>\n<p align=\"left\">Istovremeno je izvr\u0161ena i stru\u010dna posjeta Dr\u017eavnom arhivu u Dubrovniku.<\/p>\n<hr align=\"left\" \/>\n<p align=\"left\">08.07.2008. \u2013 Izlo\u017eba i Okrugli sto:<\/p>\n<p align=\"left\"><strong>\u201eSREBRENICA \u2013 DA SE NE ZABORAVI\u201c<\/strong><\/p>\n<p align=\"left\">\u00a0Dana 08. jula 2008. godine u Galerijskom prostoru Bosanskog kulturnog centra u Tuzli otvorena je izlo\u017eba \u201eSrebrenica \u2013 da se ne zaboravi\u201c. Autori izlo\u017ebe su E\u0161efa Begovi\u0107, prof. i dr. sci. Izet \u0160aboti\u0107.<\/p>\n<p align=\"left\">Po otvaranju izlo\u017ebe odr\u017ean je i Okrugli sto na kojem su u\u010de\u0161\u0107e uzeli:<\/p>\n<p align=\"left\">&#8211; Murat Hurti\u0107, Ekspertni tim Instituta za nestale osobe Bosne i Hercegovine;<\/p>\n<p align=\"left\">&#8211; Rejha Avdi\u0107, Udru\u017eenje gra\u0111ana \u201e\u017dene Srebrenice\u201c;<\/p>\n<p align=\"left\">&#8211; Jasna Had\u017eiselimovi\u0107, BZK \u201ePreporod\u201c Op\u0107insko dru\u0161tvo Tuzla; i<\/p>\n<p align=\"left\">&#8211; Dr. sci. Izet \u0160aboti\u0107, JU Arhiv Tuzlanskog kantona.<\/p>\n<p align=\"left\">Na ovaj na\u010din Arhiv Tuzlanskog kantona se uklju\u010dio u obilje\u017eavanje 11. jula \u2013 dana izvr\u0161enja genocida nad Bo\u0161njacima Srebrenice i Podrinja.<\/p>\n","protected":false},"excerpt":{"rendered":"<p>Arhiva vijesti iz 2010. godine Tuzla, Arhiv Tuzlanskog kantona, 25. novembar 2010. godine DAN DR\u017dAVNOSTI BOSNE I HERCEGOVINE \u00a0Povodom obilje\u017eavanja 25. novembra &#8211; Dana dr\u017eavnosti Bosne i Hercegovine u prostorijama&hellip;<\/p>\n","protected":false},"author":1,"featured_media":0,"parent":0,"menu_order":0,"comment_status":"closed","ping_status":"closed","template":"","meta":{"footnotes":""},"class_list":["post-68","page","type-page","status-publish","hentry"],"_links":{"self":[{"href":"https:\/\/www.arhivtk.ba\/index.php?rest_route=\/wp\/v2\/pages\/68","targetHints":{"allow":["GET"]}}],"collection":[{"href":"https:\/\/www.arhivtk.ba\/index.php?rest_route=\/wp\/v2\/pages"}],"about":[{"href":"https:\/\/www.arhivtk.ba\/index.php?rest_route=\/wp\/v2\/types\/page"}],"author":[{"embeddable":true,"href":"https:\/\/www.arhivtk.ba\/index.php?rest_route=\/wp\/v2\/users\/1"}],"replies":[{"embeddable":true,"href":"https:\/\/www.arhivtk.ba\/index.php?rest_route=%2Fwp%2Fv2%2Fcomments&post=68"}],"version-history":[{"count":4,"href":"https:\/\/www.arhivtk.ba\/index.php?rest_route=\/wp\/v2\/pages\/68\/revisions"}],"predecessor-version":[{"id":7025,"href":"https:\/\/www.arhivtk.ba\/index.php?rest_route=\/wp\/v2\/pages\/68\/revisions\/7025"}],"wp:attachment":[{"href":"https:\/\/www.arhivtk.ba\/index.php?rest_route=%2Fwp%2Fv2%2Fmedia&parent=68"}],"curies":[{"name":"wp","href":"https:\/\/api.w.org\/{rel}","templated":true}]}}